{"id":2220,"date":"2023-06-01T23:21:38","date_gmt":"2023-06-02T04:21:38","guid":{"rendered":"https:\/\/www.aservicesinnovation.com\/?page_id=2220"},"modified":"2023-06-02T00:05:10","modified_gmt":"2023-06-02T05:05:10","slug":"about-us","status":"publish","type":"page","link":"https:\/\/www.aservicesinnovation.com\/es\/about-us\/","title":{"rendered":"About Us"},"content":{"rendered":"<div data-elementor-type=\"wp-page\" data-elementor-id=\"2220\" class=\"elementor elementor-2220\">\n\t\t\t\t\t\t<section class=\"elementor-section elementor-top-section elementor-element elementor-element-3948b5a elementor-section-stretched elementor-hidden-tablet elementor-hidden-mobile elementor-section-boxed elementor-section-height-default elementor-section-height-default\" data-id=\"3948b5a\" data-element_type=\"section\" data-e-type=\"section\" data-settings=\"{&quot;stretch_section&quot;:&quot;section-stretched&quot;,&quot;background_background&quot;:&quot;classic&quot;}\">\n\t\t\t\t\t\t<div class=\"elementor-container elementor-column-gap-wider\">\n\t\t\t\t\t<div class=\"elementor-column elementor-col-50 elementor-top-column elementor-element elementor-element-6959196\" data-id=\"6959196\" data-element_type=\"column\" data-e-type=\"column\">\n\t\t\t<div class=\"elementor-widget-wrap elementor-element-populated\">\n\t\t\t\t\t\t<section class=\"elementor-section elementor-inner-section elementor-element elementor-element-0d579c5 elementor-reverse-mobile elementor-section-boxed elementor-section-height-default elementor-section-height-default\" data-id=\"0d579c5\" data-element_type=\"section\" data-e-type=\"section\" data-settings=\"{&quot;background_background&quot;:&quot;classic&quot;}\">\n\t\t\t\t\t\t<div class=\"elementor-container elementor-column-gap-default\">\n\t\t\t\t\t<div class=\"elementor-column elementor-col-50 elementor-inner-column elementor-element elementor-element-23af01f\" data-id=\"23af01f\" data-element_type=\"column\" data-e-type=\"column\">\n\t\t\t<div class=\"elementor-widget-wrap elementor-element-populated\">\n\t\t\t\t\t\t<div class=\"elementor-element elementor-element-ba3de21 elementor-widget elementor-widget-image\" data-id=\"ba3de21\" data-element_type=\"widget\" data-e-type=\"widget\" data-widget_type=\"image.default\">\n\t\t\t\t<div class=\"elementor-widget-container\">\n\t\t\t\t\t\t\t\t\t\t\t\t\t\t\t<img fetchpriority=\"high\" decoding=\"async\" width=\"600\" height=\"121\" src=\"https:\/\/www.aservicesinnovation.com\/wp-content\/uploads\/2023\/02\/logos-f3ull.png\" class=\"attachment-large size-large wp-image-194\" alt=\"\" srcset=\"https:\/\/www.aservicesinnovation.com\/wp-content\/uploads\/2023\/02\/logos-f3ull.png 600w, https:\/\/www.aservicesinnovation.com\/wp-content\/uploads\/2023\/02\/logos-f3ull-300x61.png 300w, https:\/\/www.aservicesinnovation.com\/wp-content\/uploads\/2023\/02\/logos-f3ull-260x52.png 260w, https:\/\/www.aservicesinnovation.com\/wp-content\/uploads\/2023\/02\/logos-f3ull-50x10.png 50w, https:\/\/www.aservicesinnovation.com\/wp-content\/uploads\/2023\/02\/logos-f3ull-150x30.png 150w\" sizes=\"(max-width: 600px) 100vw, 600px\" \/>\t\t\t\t\t\t\t\t\t\t\t\t\t\t\t<\/div>\n\t\t\t\t<\/div>\n\t\t\t\t\t<\/div>\n\t\t<\/div>\n\t\t\t\t<div class=\"elementor-column elementor-col-50 elementor-inner-column elementor-element elementor-element-f3c72ea\" data-id=\"f3c72ea\" data-element_type=\"column\" data-e-type=\"column\">\n\t\t\t<div class=\"elementor-widget-wrap elementor-element-populated\">\n\t\t\t\t\t\t<div class=\"elementor-element elementor-element-242dbbb elementor-widget__width-initial elementor-widget elementor-widget-text-editor\" data-id=\"242dbbb\" data-element_type=\"widget\" data-e-type=\"widget\" data-widget_type=\"text-editor.default\">\n\t\t\t\t<div class=\"elementor-widget-container\">\n\t\t\t\t\t\t\t\t\t<h1 style=\"text-align: center;\">NOSOTROS<\/h1>\t\t\t\t\t\t\t\t<\/div>\n\t\t\t\t<\/div>\n\t\t\t\t\t<\/div>\n\t\t<\/div>\n\t\t\t\t\t<\/div>\n\t\t<\/section>\n\t\t\t\t<section class=\"elementor-section elementor-inner-section elementor-element elementor-element-40aa28c elementor-section-boxed elementor-section-height-default elementor-section-height-default\" data-id=\"40aa28c\" data-element_type=\"section\" data-e-type=\"section\" data-settings=\"{&quot;background_background&quot;:&quot;classic&quot;}\">\n\t\t\t\t\t\t<div class=\"elementor-container elementor-column-gap-default\">\n\t\t\t\t\t<div class=\"elementor-column elementor-col-50 elementor-inner-column elementor-element elementor-element-9146882\" data-id=\"9146882\" data-element_type=\"column\" data-e-type=\"column\">\n\t\t\t<div class=\"elementor-widget-wrap elementor-element-populated\">\n\t\t\t\t\t\t<div class=\"elementor-element elementor-element-f1cda27 elementor-widget elementor-widget-text-editor\" data-id=\"f1cda27\" data-element_type=\"widget\" data-e-type=\"widget\" data-widget_type=\"text-editor.default\">\n\t\t\t\t<div class=\"elementor-widget-container\">\n\t\t\t\t\t\t\t\t\t<h3>ESTAMOS TRABAJANDO PARA HACER REALIDAD TUS SUE\u00d1OS\u2026<\/h3>\t\t\t\t\t\t\t\t<\/div>\n\t\t\t\t<\/div>\n\t\t\t\t\t<\/div>\n\t\t<\/div>\n\t\t\t\t<div class=\"elementor-column elementor-col-50 elementor-inner-column elementor-element elementor-element-5435705\" data-id=\"5435705\" data-element_type=\"column\" data-e-type=\"column\">\n\t\t\t<div class=\"elementor-widget-wrap elementor-element-populated\">\n\t\t\t\t\t\t<div class=\"elementor-element elementor-element-f76c83b elementor-widget__width-initial elementor-widget elementor-widget-text-editor\" data-id=\"f76c83b\" data-element_type=\"widget\" data-e-type=\"widget\" data-widget_type=\"text-editor.default\">\n\t\t\t\t<div class=\"elementor-widget-container\">\n\t\t\t\t\t\t\t\t\t<p style=\"text-align: left;\">Servicios de innovaci\u00f3n de A&amp;M LLC. Se encuentra en Kissimmee Florida. Brindamos las mejores soluciones para hacer tus sue\u00f1os realidad, remodelamos casas, construcciones usadas y nuevas, ofreciendo servicios premium como instalaci\u00f3n y mantenimiento de aire acondicionado, limpieza interior y exterior de viviendas, lavado a presi\u00f3n, jardines y calzadas, dise\u00f1amos y construimos nuevas \u00e1reas para su entorno. Ofrecemos servicios de muy alta calidad en pintura, Estuco\/Efis, varias opciones de pisos, pisos de alto tr\u00e1fico y hogar, cocinas premium, soluciones el\u00e9ctricas, techos, \u00a1todo lo que pueda necesitar est\u00e1 con nosotros!<\/p>\t\t\t\t\t\t\t\t<\/div>\n\t\t\t\t<\/div>\n\t\t\t\t\t<\/div>\n\t\t<\/div>\n\t\t\t\t\t<\/div>\n\t\t<\/section>\n\t\t\t\t\t<\/div>\n\t\t<\/div>\n\t\t\t\t<div class=\"elementor-column elementor-col-50 elementor-top-column elementor-element elementor-element-6701820\" data-id=\"6701820\" data-element_type=\"column\" data-e-type=\"column\">\n\t\t\t<div class=\"elementor-widget-wrap\">\n\t\t\t\t\t\t\t<\/div>\n\t\t<\/div>\n\t\t\t\t\t<\/div>\n\t\t<\/section>\n\t\t\t\t<section class=\"elementor-section elementor-top-section elementor-element elementor-element-862aeb1 elementor-section-stretched elementor-hidden-desktop elementor-section-boxed elementor-section-height-default elementor-section-height-default\" data-id=\"862aeb1\" data-element_type=\"section\" data-e-type=\"section\" data-settings=\"{&quot;stretch_section&quot;:&quot;section-stretched&quot;,&quot;background_background&quot;:&quot;classic&quot;}\">\n\t\t\t\t\t\t<div class=\"elementor-container elementor-column-gap-wider\">\n\t\t\t\t\t<div class=\"elementor-column elementor-col-50 elementor-top-column elementor-element elementor-element-7d3903b\" data-id=\"7d3903b\" data-element_type=\"column\" data-e-type=\"column\">\n\t\t\t<div class=\"elementor-widget-wrap elementor-element-populated\">\n\t\t\t\t\t\t<section class=\"elementor-section elementor-inner-section elementor-element elementor-element-9df5bac elementor-reverse-mobile elementor-section-boxed elementor-section-height-default elementor-section-height-default\" data-id=\"9df5bac\" data-element_type=\"section\" data-e-type=\"section\" data-settings=\"{&quot;background_background&quot;:&quot;classic&quot;}\">\n\t\t\t\t\t\t<div class=\"elementor-container elementor-column-gap-default\">\n\t\t\t\t\t<div class=\"elementor-column elementor-col-100 elementor-inner-column elementor-element elementor-element-7f1a5a6\" data-id=\"7f1a5a6\" data-element_type=\"column\" data-e-type=\"column\">\n\t\t\t<div class=\"elementor-widget-wrap elementor-element-populated\">\n\t\t\t\t\t\t<div class=\"elementor-element elementor-element-55d20ab elementor-widget__width-initial elementor-widget elementor-widget-text-editor\" data-id=\"55d20ab\" data-element_type=\"widget\" data-e-type=\"widget\" data-widget_type=\"text-editor.default\">\n\t\t\t\t<div class=\"elementor-widget-container\">\n\t\t\t\t\t\t\t\t\t<h1 style=\"text-align: center;\">NOSOTROS<\/h1>\t\t\t\t\t\t\t\t<\/div>\n\t\t\t\t<\/div>\n\t\t\t\t\t<\/div>\n\t\t<\/div>\n\t\t\t\t\t<\/div>\n\t\t<\/section>\n\t\t\t\t<section class=\"elementor-section elementor-inner-section elementor-element elementor-element-48c0bac elementor-section-boxed elementor-section-height-default elementor-section-height-default\" data-id=\"48c0bac\" data-element_type=\"section\" data-e-type=\"section\" data-settings=\"{&quot;background_background&quot;:&quot;classic&quot;}\">\n\t\t\t\t\t\t<div class=\"elementor-container elementor-column-gap-default\">\n\t\t\t\t\t<div class=\"elementor-column elementor-col-100 elementor-inner-column elementor-element elementor-element-e027a2f\" data-id=\"e027a2f\" data-element_type=\"column\" data-e-type=\"column\">\n\t\t\t<div class=\"elementor-widget-wrap elementor-element-populated\">\n\t\t\t\t\t\t<div class=\"elementor-element elementor-element-ab3d4d1 elementor-widget__width-initial elementor-widget elementor-widget-text-editor\" data-id=\"ab3d4d1\" data-element_type=\"widget\" data-e-type=\"widget\" data-widget_type=\"text-editor.default\">\n\t\t\t\t<div class=\"elementor-widget-container\">\n\t\t\t\t\t\t\t\t\t<h3 style=\"text-align: left;\">ESTAMOS TRABAJANDO PARA HACER REALIDAD TUS SUE\u00d1OS\u2026<\/h3>\t\t\t\t\t\t\t\t<\/div>\n\t\t\t\t<\/div>\n\t\t\t\t<div class=\"elementor-element elementor-element-f7bb950 elementor-widget__width-initial elementor-widget elementor-widget-text-editor\" data-id=\"f7bb950\" data-element_type=\"widget\" data-e-type=\"widget\" data-widget_type=\"text-editor.default\">\n\t\t\t\t<div class=\"elementor-widget-container\">\n\t\t\t\t\t\t\t\t\t<p style=\"text-align: left;\">Servicios de innovaci\u00f3n de A&amp;M LLC. Se encuentra en Kissimmee Florida. Brindamos las mejores soluciones para hacer tus sue\u00f1os realidad, remodelamos casas, construcciones usadas y nuevas, ofreciendo servicios premium como instalaci\u00f3n y mantenimiento de aire acondicionado, limpieza interior y exterior de viviendas, lavado a presi\u00f3n, jardines y calzadas, dise\u00f1amos y construimos nuevas \u00e1reas para su entorno. Ofrecemos servicios de muy alta calidad en pintura, Estuco\/Efis, varias opciones de pisos, pisos de alto tr\u00e1fico y hogar, cocinas premium, soluciones el\u00e9ctricas, techos, \u00a1todo lo que pueda necesitar est\u00e1 con nosotros!<\/p>\t\t\t\t\t\t\t\t<\/div>\n\t\t\t\t<\/div>\n\t\t\t\t\t<\/div>\n\t\t<\/div>\n\t\t\t\t\t<\/div>\n\t\t<\/section>\n\t\t\t\t\t<\/div>\n\t\t<\/div>\n\t\t\t\t<div class=\"elementor-column elementor-col-50 elementor-top-column elementor-element elementor-element-42bea41\" data-id=\"42bea41\" data-element_type=\"column\" data-e-type=\"column\">\n\t\t\t<div class=\"elementor-widget-wrap\">\n\t\t\t\t\t\t\t<\/div>\n\t\t<\/div>\n\t\t\t\t\t<\/div>\n\t\t<\/section>\n\t\t\t\t<\/div>","protected":false},"excerpt":{"rendered":"<p>ABOUT US WE ARE WORKING TO MAKE YOUR DREAMS COME TRUE\u2026 A&amp;M Innovation Services LLC. It is located in Kissimmee FL. We provide the best solutions<span class=\"excerpt-hellip\"> [\u2026]<\/span><\/p>\n","protected":false},"author":1,"featured_media":0,"parent":0,"menu_order":0,"comment_status":"closed","ping_status":"closed","template":"","meta":{"footnotes":""},"class_list":["post-2220","page","type-page","status-publish","hentry"],"_links":{"self":[{"href":"https:\/\/www.aservicesinnovation.com\/es\/wp-json\/wp\/v2\/pages\/2220","targetHints":{"allow":["GET"]}}],"collection":[{"href":"https:\/\/www.aservicesinnovation.com\/es\/wp-json\/wp\/v2\/pages"}],"about":[{"href":"https:\/\/www.aservicesinnovation.com\/es\/wp-json\/wp\/v2\/types\/page"}],"author":[{"embeddable":true,"href":"https:\/\/www.aservicesinnovation.com\/es\/wp-json\/wp\/v2\/users\/1"}],"replies":[{"embeddable":true,"href":"https:\/\/www.aservicesinnovation.com\/es\/wp-json\/wp\/v2\/comments?post=2220"}],"version-history":[{"count":47,"href":"https:\/\/www.aservicesinnovation.com\/es\/wp-json\/wp\/v2\/pages\/2220\/revisions"}],"predecessor-version":[{"id":2269,"href":"https:\/\/www.aservicesinnovation.com\/es\/wp-json\/wp\/v2\/pages\/2220\/revisions\/2269"}],"wp:attachment":[{"href":"https:\/\/www.aservicesinnovation.com\/es\/wp-json\/wp\/v2\/media?parent=2220"}],"curies":[{"name":"wp","href":"https:\/\/api.w.org\/{rel}","templated":true}]}}